{"id":588,"date":"2017-12-03T14:01:36","date_gmt":"2017-12-03T14:01:36","guid":{"rendered":"http:\/\/roadn1.com\/about-us\/"},"modified":"2018-12-08T16:42:05","modified_gmt":"2018-12-08T16:42:05","slug":"about-us","status":"publish","type":"page","link":"https:\/\/roadn1.com\/fr\/about-us\/","title":{"rendered":"A propos de nous"},"content":{"rendered":"<div class=\"breadcrumb-div\">[wpseo_breadcrumb]<\/div>\n<p>[vc_row css=\u00a0\u00bb.vc_custom_1485428309292{margin-top: 60px !important;margin-bottom: 51px !important;}\u00a0\u00bb][vc_column width=\u00a0\u00bb1\/2&Prime; el_class=\u00a0\u00bbstm-col-pad-right\u00a0\u00bb][vc_single_image image=\u00a0\u00bb1324&Prime; img_size=\u00a0\u00bbfull\u00a0\u00bb stm_fancybox=\u00a0\u00bbyes\u00a0\u00bb css=\u00a0\u00bb.vc_custom_1519566909320{margin-bottom: 35px !important;margin-top: 70px !important;}\u00a0\u00bb][\/vc_column][vc_column width=\u00a0\u00bb1\/2&Prime; el_class=\u00a0\u00bbstm-col-pad-left\u00a0\u00bb][vc_column_text]<\/p>\n<h3 style=\"margin-bottom: 18px;\">BIENVENUE CHEZ <span style=\"color: #f0c540;\"><a href=\"https:\/\/roadn1.com\/fr\/\" title=\"Location voiture Tanger\" style=\"color: #f0c540\" >ROAD N1<\/a><\/span><\/h3>\n<p style=\"margin-bottom: 26px;\">Road N1 est une plateforme de location de voitures bas\u00e9e \u00e0 Tanger qui propose des services de location de courte et longue dur\u00e9e aux particuliers et aux entreprises.<\/p>\n<p style=\"margin-bottom: 26px;\">Dot\u00e9e d\u2019un site-web interactif et d\u2019une application mobile, Road N1 est une plateforme digitale qui offre \u00e0 ses clients une exp\u00e9rience unique au Maroc dans le processus de r\u00e9servation, de livraison, de l\u2019usage, de la gestion des incidents et de la restitution du v\u00e9hicule de location. Road N1 dispose \u00e9galement d\u2019une pr\u00e9sence physique au centre de Tanger avec un personnel chaleureux, professionnel et exp\u00e9riment\u00e9 qui r\u00e9pondra \u00e0 toutes vos exigences et vous offrira un service de qualit\u00e9.<\/p>\n<p style=\"margin-bottom: 26px;\">Road N1 combine le talent et l\u2019exp\u00e9rience-m\u00e9tier dans le domaine avec le dynamisme et la cr\u00e9ativit\u00e9 d\u2019une \u00e9quipe jeune experte dans les nouvelles technologies et qui cherche \u00e0 r\u00e9volutionner le secteur de la location de voitures gr\u00e2ce \u00e0 l\u2019innovation et au Digital.<\/p>\n<p style=\"margin-bottom: 26px;\">Road N1 dispose d\u2019une large gamme de v\u00e9hicules qui r\u00e9pondront \u00e0 toutes vos attentes, des accessoires in\u00e9dits et des options incluses ou \u00e0 inclure et un service apr\u00e8s-vente joignable 7 jours \/ 7 qui sera toujours \u00e0 votre \u00e9coute. La combinaison de ces \u00e9l\u00e9ments vous permettra de profiter sereinement de votre voyage et dans les meilleures conditions.<\/p>\n<p>[\/vc_column_text][\/vc_column][\/vc_row][vc_row css=\u00a0\u00bb.vc_custom_1445594570930{margin-bottom: 83px !important;}\u00a0\u00bb][vc_column width=\u00a0\u00bb1\/2&Prime; el_class=\u00a0\u00bbstm-col-pad-right\u00a0\u00bb][vc_column_text css=\u00a0\u00bb.vc_custom_1445496956815{margin-bottom: 23px !important;}\u00a0\u00bb]<\/p>\n<h3>NOS VALEURS<\/h3>\n<p>[\/vc_column_text][vc_column_text css=\u00a0\u00bb.vc_custom_1513475804573{margin-bottom: 24px !important;}\u00a0\u00bb][\/vc_column_text][vc_column_text]<\/p>\n<ul class=\"list-style-1\">\n<li>Meilleure exp\u00e9rience-client.<\/li>\n<li>Transparence.<\/li>\n<li>Qualit\u00e9 de service.<\/li>\n<li>Innovation permanente pour mieux vous servir.<\/li>\n<\/ul>\n<p>[\/vc_column_text][\/vc_column][vc_column width=\u00a0\u00bb1\/2&Prime; el_class=\u00a0\u00bbstm-col-pad-left\u00a0\u00bb][vc_single_image image=\u00a0\u00bb1233&Prime; img_size=\u00a0\u00bbfull\u00a0\u00bb stm_fancybox=\u00a0\u00bbyes\u00a0\u00bb css=\u00a0\u00bb.vc_custom_1519567813662{margin-bottom: 35px !important;}\u00a0\u00bb][\/vc_column][\/vc_row][vc_row full_width=\u00a0\u00bbstretch_row\u00a0\u00bb css=\u00a0\u00bb.vc_custom_1519567994726{margin-bottom: 0px !important;padding-top: 48px !important;padding-bottom: 31px !important;background-color: #ffc90f !important;}\u00a0\u00bb][vc_column][vc_custom_heading text=\u00a0\u00bbGalerie\u00a0\u00bb font_container=\u00a0\u00bbtag:h2|text_align:center|color:%23ffffff\u00a0\u00bb use_theme_fonts=\u00a0\u00bbyes\u00a0\u00bb][stm_color_separator css=\u00a0\u00bb.vc_custom_1519568126734{margin-top: 17px !important;margin-bottom: 25px !important;}\u00a0\u00bb color=\u00a0\u00bb#012b44 !important\u00a0\u00bb][stm_carousel image_size=\u00a0\u00bb270&#215;180&Prime; images=\u00a0\u00bb1623,998,1013,1620,1004,1001&Prime;][\/vc_column][\/vc_row]<\/p>\n","protected":false},"excerpt":{"rendered":"<p>[wpseo_breadcrumb] [vc_row css=\u00a0\u00bb.vc_custom_1485428309292{margin-top: 60px !important;margin-bottom: 51px !important;}\u00a0\u00bb][vc_column width=\u00a0\u00bb1\/2&Prime; el_class=\u00a0\u00bbstm-col-pad-right\u00a0\u00bb][vc_single_image image=\u00a0\u00bb1324&Prime; img_size=\u00a0\u00bbfull\u00a0\u00bb stm_fancybox=\u00a0\u00bbyes\u00a0\u00bb css=\u00a0\u00bb.vc_custom_1519566909320{margin-bottom: 35px !important;margin-top: 70px !important;}\u00a0\u00bb][\/vc_column][vc_column width=\u00a0\u00bb1\/2&Prime; el_class=\u00a0\u00bbstm-col-pad-left\u00a0\u00bb][vc_column_text] BIENVENUE CHEZ ROAD N1 Road N1 est une plateforme de location de voitures bas\u00e9e \u00e0 Tanger qui propose des services de location de courte et longue dur\u00e9e aux particuliers et aux entreprises. Dot\u00e9e d\u2019un site-web interactif&#8230;<\/p>\n","protected":false},"author":1,"featured_media":0,"parent":0,"menu_order":0,"comment_status":"closed","ping_status":"closed","template":"","meta":{"footnotes":""},"_links":{"self":[{"href":"https:\/\/roadn1.com\/fr\/wp-json\/wp\/v2\/pages\/588"}],"collection":[{"href":"https:\/\/roadn1.com\/fr\/wp-json\/wp\/v2\/pages"}],"about":[{"href":"https:\/\/roadn1.com\/fr\/wp-json\/wp\/v2\/types\/page"}],"author":[{"embeddable":true,"href":"https:\/\/roadn1.com\/fr\/wp-json\/wp\/v2\/users\/1"}],"replies":[{"embeddable":true,"href":"https:\/\/roadn1.com\/fr\/wp-json\/wp\/v2\/comments?post=588"}],"version-history":[{"count":21,"href":"https:\/\/roadn1.com\/fr\/wp-json\/wp\/v2\/pages\/588\/revisions"}],"predecessor-version":[{"id":1749,"href":"https:\/\/roadn1.com\/fr\/wp-json\/wp\/v2\/pages\/588\/revisions\/1749"}],"wp:attachment":[{"href":"https:\/\/roadn1.com\/fr\/wp-json\/wp\/v2\/media?parent=588"}],"curies":[{"name":"wp","href":"https:\/\/api.w.org\/{rel}","templated":true}]}}