{"id":585,"date":"2017-12-03T14:00:04","date_gmt":"2017-12-03T14:00:04","guid":{"rendered":"http:\/\/roadn1.com\/home-page\/"},"modified":"2019-03-26T17:14:44","modified_gmt":"2019-03-26T17:14:44","slug":"acceuil","status":"publish","type":"page","link":"https:\/\/roadn1.com\/fr\/","title":{"rendered":"Acceuil"},"content":{"rendered":"<div class=\"seo-div\">\n<h1 class=\"h1-style\">Agence Road N1 &#8211; Location \u00e0 partir de 19\u20ac! &#8211; Reservez maintenant<\/h1>\n<\/div>\n<p>[vc_row full_width=\u00a0\u00bbstretch_row\u00a0\u00bb css_animation=\u00a0\u00bbflipInY\u00a0\u00bb css=\u00a0\u00bb.vc_custom_1516557504129{margin-bottom: 30px !important;padding-top: 36px !important;background: #e5e5e5 url(https:\/\/roadn1.com\/wp-content\/uploads\/2018\/01\/banner-3-2.jpg?id=900) !important;}\u00a0\u00bb el_class=\u00a0\u00bbstm-background-centered\u00a0\u00bb][vc_column width=\u00a0\u00bb1\/2&Prime;][stm_text_baloon]<\/p>\n<h4><i class=\"stm-rental-medal_rent\"><\/i>\u00a0Louer voiture tanger \u00e0 partir de 19\u20ac!<\/h4>\n<h3><\/h3>\n<h4><i class=\"stm-rental-medal_rent\"><\/i>\u00a0kilom\u00e9trage illimit\u00e9!<\/h4>\n<h3><\/h3>\n<h4><i class=\"stm-rental-medal_rent\"><\/i>\u00a0Conducteur additionnel gratuit!<\/h4>\n<p>[\/stm_text_baloon][\/vc_column][vc_column width=\u00a0\u00bb1\/2&Prime;][stm_rent_car_form][\/vc_column][\/vc_row][vc_row css=\u00a0\u00bb.vc_custom_1484196732635{margin-bottom: 47px !important;}\u00a0\u00bb][vc_column][vc_custom_heading text=\u00a0\u00bbPourquoi choisirez-vous Road N1 ?\u00a0\u00bb font_container=\u00a0\u00bbtag:h2|font_size:30px|text_align:center|color:%23273f44|line_height:50px\u00a0\u00bb use_theme_fonts=\u00a0\u00bbyes\u00a0\u00bb css=\u00a0\u00bb.vc_custom_1484196241978{margin-bottom: 53px !important;}\u00a0\u00bb][vc_row_inner][vc_column_inner width=\u00a0\u00bb1\/3&Prime;][stm_icon_box title_holder=\u00a0\u00bbh4&Prime; icon=\u00a0\u00bbstm-rental-medal_rent\u00a0\u00bb title=\u00a0\u00bbUne entreprise digitale\u00a0\u00bb icon_bg_color=\u00a0\u00bb#FFC90F\u00a0\u00bb icon_color=\u00a0\u00bb#ffffff\u00a0\u00bb box_bg_color=\u00a0\u00bb#ffffff\u00a0\u00bb css=\u00a0\u00bb.vc_custom_1513463100665{padding-top: 0px !important;padding-right: 0px !important;padding-bottom: 0px !important;padding-left: 0px !important;}\u00a0\u00bb icon_size=\u00a0\u00bb31&Prime; box_text_color=\u00a0\u00bb#888888&Prime; box_text_color_hover=\u00a0\u00bb#6e6e6e\u00a0\u00bb line_height=\u00a0\u00bb20&Prime;]<\/p>\n<p style=\"line-height: 20px;\">Derri\u00e8re <a title=\"Louer voiture Tanger\" href=\"https:\/\/roadn1.com\/fr\/\">Road N1<\/a> se trouve une \u00e9quipe jeune et dynamique qui a soif d\u2019innovation et qui cherche \u00e0 r\u00e9volutionner le secteur de location de voitures gr\u00e2ce au Digital.<\/p>\n<p>[\/stm_icon_box][stm_icon_box title_holder=\u00a0\u00bbh4&Prime; icon=\u00a0\u00bbstm-icon-car\u00a0\u00bb title=\u00a0\u00bbUn large choix de v\u00e9hicules\u00a0\u00bb icon_bg_color=\u00a0\u00bb#FFC90F\u00a0\u00bb icon_color=\u00a0\u00bb#ffffff\u00a0\u00bb box_bg_color=\u00a0\u00bb#ffffff\u00a0\u00bb css=\u00a0\u00bb.vc_custom_1513463141205{padding-top: 0px !important;padding-right: 0px !important;padding-bottom: 0px !important;padding-left: 0px !important;}\u00a0\u00bb icon_size=\u00a0\u00bb31&Prime; box_text_color=\u00a0\u00bb#888888&Prime; box_text_color_hover=\u00a0\u00bb#6e6e6e\u00a0\u00bb line_height=\u00a0\u00bb20&Prime;]<\/p>\n<p style=\"line-height: 20px;\">Road N1 vous propose un large choix de v\u00e9hicules. Plusieurs cat\u00e9gories sont disponibles et permettent de r\u00e9pondre \u00e0 toutes vos attentes.<\/p>\n<p>[\/stm_icon_box][\/vc_column_inner][vc_column_inner width=\u00a0\u00bb1\/3&Prime;][stm_icon_box title_holder=\u00a0\u00bbh4&Prime; icon=\u00a0\u00bbstm-service-icon-cash_dollar\u00a0\u00bb title=\u00a0\u00bbDes tarifs clairs et transparents\u00a0\u00bb icon_bg_color=\u00a0\u00bb#FFC90F\u00a0\u00bb icon_color=\u00a0\u00bb#ffffff\u00a0\u00bb box_bg_color=\u00a0\u00bb#ffffff\u00a0\u00bb css=\u00a0\u00bb.vc_custom_1518742364874{padding-top: 0px !important;padding-right: 0px !important;padding-bottom: 0px !important;padding-left: 0px !important;}\u00a0\u00bb icon_size=\u00a0\u00bb31&Prime; box_text_color=\u00a0\u00bb#888888&Prime; box_text_color_hover=\u00a0\u00bb#6e6e6e\u00a0\u00bb line_height=\u00a0\u00bb20&Prime;]<\/p>\n<p style=\"line-height: 20px;\">A travers les diff\u00e9rents canaux de vente, Road N1 garantit une transparence et clart\u00e9 de ses diff\u00e9rents produits. C\u2019est un \u00e9l\u00e9ment crucial pour la satisfaction des clients.<\/p>\n<p>[\/stm_icon_box][stm_icon_box title_holder=\u00a0\u00bbh4&Prime; icon=\u00a0\u00bbstm-service-icon-inventory\u00a0\u00bb title=\u00a0\u00bbDes services in\u00e9dits inclus\u00a0\u00bb icon_bg_color=\u00a0\u00bb#FFC90F\u00a0\u00bb icon_color=\u00a0\u00bb#ffffff\u00a0\u00bb box_bg_color=\u00a0\u00bb#ffffff\u00a0\u00bb css=\u00a0\u00bb.vc_custom_1518990693156{padding-top: 0px !important;padding-right: 0px !important;padding-bottom: 0px !important;padding-left: 0px !important;}\u00a0\u00bb icon_size=\u00a0\u00bb31&Prime; box_text_color=\u00a0\u00bb#888888&Prime; box_text_color_hover=\u00a0\u00bb#6e6e6e\u00a0\u00bb line_height=\u00a0\u00bb20&Prime;]<\/p>\n<p style=\"line-height: 20px;\">Avec Road N1, vous avez le 2\u00e8me conducteur gratuit, le kilom\u00e9trage illimit\u00e9 et la livraison\/d\u00e9p\u00f4t de la voiture partout dans la r\u00e9gion de Tanger.<\/p>\n<p>[\/stm_icon_box][\/vc_column_inner][vc_column_inner width=\u00a0\u00bb1\/3&Prime;][stm_icon_box title_holder=\u00a0\u00bbh4&Prime; icon=\u00a0\u00bbstm-service-icon-like_it\u00a0\u00bb title=\u00a0\u00bbUn service de qualit\u00e9\u00a0\u00bb icon_bg_color=\u00a0\u00bb#FFC90F\u00a0\u00bb icon_color=\u00a0\u00bb#ffffff\u00a0\u00bb box_bg_color=\u00a0\u00bb#ffffff\u00a0\u00bb css=\u00a0\u00bb.vc_custom_1518990697086{padding-top: 0px !important;padding-right: 0px !important;padding-bottom: 0px !important;padding-left: 0px !important;}\u00a0\u00bb icon_size=\u00a0\u00bb31&Prime; box_text_color=\u00a0\u00bb#888888&Prime; box_text_color_hover=\u00a0\u00bb#6e6e6e\u00a0\u00bb line_height=\u00a0\u00bb20&Prime;]<\/p>\n<p style=\"line-height: 20px;\">Road N1 garantit un service exceptionnel et de qualit\u00e9. La devise de Road N1 est de vous servir et de satisfaire toutes vos demandes. Road N1 est toujours \u00e0 votre \u00e9coute.<\/p>\n<p>[\/stm_icon_box][stm_icon_box title_holder=\u00a0\u00bbh4&Prime; icon=\u00a0\u00bbstm-rental-support_rent\u00a0\u00bb title=\u00a0\u00bbUn support 7j\/7&Prime; icon_bg_color=\u00a0\u00bb#FFC90F\u00a0\u00bb icon_color=\u00a0\u00bb#ffffff\u00a0\u00bb box_bg_color=\u00a0\u00bb#ffffff\u00a0\u00bb css=\u00a0\u00bb.vc_custom_1518990700886{padding-top: 0px !important;padding-right: 0px !important;padding-bottom: 0px !important;padding-left: 0px !important;}\u00a0\u00bb icon_size=\u00a0\u00bb31&Prime; box_text_color=\u00a0\u00bb#888888&Prime; box_text_color_hover=\u00a0\u00bb#6e6e6e\u00a0\u00bb line_height=\u00a0\u00bb20&Prime;]<\/p>\n<p style=\"line-height: 20px;\">Road N1 assure un support tous les jours de la semaine, y compris les weekend et jours f\u00e9ri\u00e9s. Vous pourrez nous joindre \u00e0 n\u2019importe quel moment de la journ\u00e9e.<\/p>\n<p>[\/stm_icon_box][\/vc_column_inner][\/vc_row_inner][\/vc_column][\/vc_row][vc_row el_class=\u00a0\u00bbstm-fullwidth-with-parallax\u00a0\u00bb css=\u00a0\u00bb.vc_custom_1519167622887{padding-bottom: 51px !important;background-image: url(http:\/\/roadn1.com\/wp-content\/uploads\/2018\/02\/home-1.jpg?id=1199) !important;}\u00a0\u00bb][vc_column][vc_custom_heading text=\u00a0\u00bbCATEGORIES DE VEHICULES\u00a0\u00bb font_container=\u00a0\u00bbtag:h2|font_size:30px|text_align:center|color:%23ffffff|line_height:50px\u00a0\u00bb use_theme_fonts=\u00a0\u00bbyes\u00a0\u00bb css=\u00a0\u00bb.vc_custom_1519045702405{margin-top: 68px !important;margin-bottom: 51px !important;}\u00a0\u00bb][stm_car_class_grid posts_per_page=\u00a0\u00bb6&Prime; css=\u00a0\u00bb.vc_custom_1512177958695{background-image: url(http:\/\/roadn1.com\/wp-content\/uploads\/2017\/12\/cars_bg.jpg?id=513) !important;}\u00a0\u00bb][\/vc_column][\/vc_row][vc_row full_width=\u00a0\u00bbstretch_row\u00a0\u00bb equal_height=\u00a0\u00bbyes\u00a0\u00bb css=\u00a0\u00bb.vc_custom_1483769770083{background-color: #012B44!important;}\u00a0\u00bb][vc_column width=\u00a0\u00bb1\/2&Prime; css=\u00a0\u00bb.vc_custom_1484197311087{padding-top: 51px !important;padding-bottom: 77px !important;}\u00a0\u00bb][vc_custom_heading text=\u00a0\u00bbA propos de nous\u00a0\u00bb font_container=\u00a0\u00bbtag:h3|font_size:30px|text_align:left|color:%23ffffff|line_height:30px\u00a0\u00bb use_theme_fonts=\u00a0\u00bbyes\u00a0\u00bb css=\u00a0\u00bb.vc_custom_1513464185699{margin-bottom: 38px !important;}\u00a0\u00bb][vc_column_text css=\u00a0\u00bb.vc_custom_1518748155834{margin-bottom: 31px !important;}\u00a0\u00bb]<span style=\"color: #ffffff; font-size: 14px; line-height: 24px; letter-spacing: 0.5px;\">Road N1 est une agence de location de voitures bas\u00e9e \u00e0 Tanger qui propose des services de location de courte et longue dur\u00e9e aux particuliers et aux entreprises.<\/span><\/p>\n<p><span style=\"color: #ffffff; font-size: 14px; line-height: 24px; letter-spacing: 0.5px;\">Notre devise : Meilleure exp\u00e9rience-client, Transparence, Qualit\u00e9 de service et Innovation permanente pour mieux vous servir.<\/span>[\/vc_column_text][stm_icon_button icon=\u00a0\u00bbfa fa-arrow-right\u00a0\u00bb box_bg_color=\u00a0\u00bb#FFC90F\u00a0\u00bb box_text_color=\u00a0\u00bb#012B44&Prime; link=\u00a0\u00bburl:http%3A%2F%2Froadn1.com%2Ffr%2Fabout-us%2F|title:Notre%20Entreprise||\u00a0\u00bb][\/vc_column][vc_column width=\u00a0\u00bb1\/2&Prime; css=\u00a0\u00bb.vc_custom_1519322558870{background-image: url(http:\/\/roadn1.com\/wp-content\/uploads\/2018\/02\/img5.jpg?id=1233) !important;}\u00a0\u00bb el_class=\u00a0\u00bbstm-stretch-image-right\u00a0\u00bb][\/vc_column][\/vc_row][vc_row full_width=\u00a0\u00bbstretch_row\u00a0\u00bb css=\u00a0\u00bb.vc_custom_1483773620589{background-color: #FFC90F!important;}\u00a0\u00bb][vc_column][stm_call_to_action_2 cta_icon=\u00a0\u00bbfa fa-envelope-o\u00a0\u00bb call_to_action_icon_right=\u00a0\u00bbstm-icon-phone2&Prime; call_to_action_color=\u00a0\u00bb#FFC90F\u00a0\u00bb call_to_action_text_color=\u00a0\u00bb#012B44&Prime; call_to_action_label_right=\u00a0\u00bb+212 6 62 07 93 48&Prime; css=\u00a0\u00bb.vc_custom_1518748205509{padding-right: 0px !important;padding-left: 0px !important;}\u00a0\u00bb link=\u00a0\u00bburl:http%3A%2F%2Froadn1.com%2Ffr%2Fcontact-us%2F|title:Feedback||\u00a0\u00bb call_to_action_label=\u00a0\u00bb \u00a0\u00bb call_to_action_label_2=\u00a0\u00bbAVEZ-VOUS DES QUESTIONS ? \u00ab\u00a0][\/vc_column][\/vc_row][vc_row full_width=\u00a0\u00bbstretch_row_content_no_spaces\u00a0\u00bb][vc_column][stm_offices_map map_height=\u00a0\u00bb548&Prime; pin=\u00a0\u00bb1275&Prime;][\/vc_column][\/vc_row]<\/p>\n","protected":false},"excerpt":{"rendered":"<p>Agence Road N1 &#8211; Location \u00e0 partir de 19\u20ac! &#8211; Reservez maintenant [vc_row full_width=\u00a0\u00bbstretch_row\u00a0\u00bb css_animation=\u00a0\u00bbflipInY\u00a0\u00bb css=\u00a0\u00bb.vc_custom_1516557504129{margin-bottom: 30px !important;padding-top: 36px !important;background: #e5e5e5 url(https:\/\/roadn1.com\/wp-content\/uploads\/2018\/01\/banner-3-2.jpg?id=900) !important;}\u00a0\u00bb el_class=\u00a0\u00bbstm-background-centered\u00a0\u00bb][vc_column width=\u00a0\u00bb1\/2&Prime;][stm_text_baloon] \u00a0Louer voiture tanger \u00e0 partir de 19\u20ac! \u00a0kilom\u00e9trage illimit\u00e9! \u00a0Conducteur additionnel gratuit! [\/stm_text_baloon][\/vc_column][vc_column width=\u00a0\u00bb1\/2&Prime;][stm_rent_car_form][\/vc_column][\/vc_row][vc_row css=\u00a0\u00bb.vc_custom_1484196732635{margin-bottom: 47px !important;}\u00a0\u00bb][vc_column][vc_custom_heading text=\u00a0\u00bbPourquoi choisirez-vous Road N1 ?\u00a0\u00bb font_container=\u00a0\u00bbtag:h2|font_size:30px|text_align:center|color:%23273f44|line_height:50px\u00a0\u00bb use_theme_fonts=\u00a0\u00bbyes\u00a0\u00bb css=\u00a0\u00bb.vc_custom_1484196241978{margin-bottom: 53px !important;}\u00a0\u00bb][vc_row_inner][vc_column_inner width=\u00a0\u00bb1\/3&Prime;][stm_icon_box title_holder=\u00a0\u00bbh4&Prime; icon=\u00a0\u00bbstm-rental-medal_rent\u00a0\u00bb&#8230;<\/p>\n","protected":false},"author":1,"featured_media":0,"parent":0,"menu_order":0,"comment_status":"closed","ping_status":"closed","template":"","meta":{"footnotes":""},"_links":{"self":[{"href":"https:\/\/roadn1.com\/fr\/wp-json\/wp\/v2\/pages\/585"}],"collection":[{"href":"https:\/\/roadn1.com\/fr\/wp-json\/wp\/v2\/pages"}],"about":[{"href":"https:\/\/roadn1.com\/fr\/wp-json\/wp\/v2\/types\/page"}],"author":[{"embeddable":true,"href":"https:\/\/roadn1.com\/fr\/wp-json\/wp\/v2\/users\/1"}],"replies":[{"embeddable":true,"href":"https:\/\/roadn1.com\/fr\/wp-json\/wp\/v2\/comments?post=585"}],"version-history":[{"count":141,"href":"https:\/\/roadn1.com\/fr\/wp-json\/wp\/v2\/pages\/585\/revisions"}],"predecessor-version":[{"id":1886,"href":"https:\/\/roadn1.com\/fr\/wp-json\/wp\/v2\/pages\/585\/revisions\/1886"}],"wp:attachment":[{"href":"https:\/\/roadn1.com\/fr\/wp-json\/wp\/v2\/media?parent=585"}],"curies":[{"name":"wp","href":"https:\/\/api.w.org\/{rel}","templated":true}]}}