{"id":1778,"date":"2018-12-09T13:30:04","date_gmt":"2018-12-09T13:30:04","guid":{"rendered":"https:\/\/roadn1.com\/?page_id=1778"},"modified":"2018-12-11T20:58:00","modified_gmt":"2018-12-11T20:58:00","slug":"location-voiture-tanger","status":"publish","type":"page","link":"https:\/\/roadn1.com\/fr\/location-voiture-tanger\/","title":{"rendered":"Location voiture tanger"},"content":{"rendered":"<p>[vc_row css=\u00a0\u00bb.vc_custom_1485428309292{text-align: center;}\u00a0\u00bb][vc_column width=\u00a0\u00bb1&Prime; el_class=\u00a0\u00bbstm-col-pad-left\u00a0\u00bb][vc_column_text]<\/p>\n<h2>Location de voiture \u00e0 Tanger<\/h2>\n<p>[\/vc_column_text][\/vc_column][\/vc_row]<\/p>\n<p>[vc_row full_width=\u00a0\u00bbstretch_row\u00a0\u00bb css_animation=\u00a0\u00bbflipInY\u00a0\u00bb css=\u00a0\u00bb.vc_custom_1516557504129{margin-bottom: 30px !important;padding-top: 36px !important;background: #e5e5e5 url(https:\/\/roadn1.com\/wp-content\/uploads\/2018\/12\/banner-3-2-min.jpg?id=900) !important;}\u00a0\u00bb el_class=\u00a0\u00bbstm-background-centered\u00a0\u00bb][vc_column width=\u00a0\u00bb1\/2&Prime;][stm_text_baloon]<\/p>\n<h4><span style=\"color: #B5002D;\"><i class=\"stm-rental-medal_rent\"><\/i><\/span>&nbsp;Location voiture tanger \u00e0 partir de 19\u20ac!<\/h4>\n<h3><\/h3>\n<h4><span style=\"color: #B5002D;\"><i class=\"stm-rental-medal_rent\"><\/i><\/span>&nbsp;kilom\u00e9trage illimit\u00e9!<\/h4>\n<h3><\/h3>\n<h4><span style=\"color: #B5002D;\"><i class=\"stm-rental-medal_rent\"><\/i><\/span>&nbsp;Conducteur additionnel gratuit!<\/h4>\n<p>[\/stm_text_baloon][\/vc_column][vc_column width=\u00a0\u00bb1\/2&Prime;][stm_rent_car_form][\/vc_column][\/vc_row]<\/p>\n<p>[vc_row css=\u00a0\u00bb.vc_custom_1484196732635{margin-bottom: 47px !important;}\u00a0\u00bb][vc_column][vc_custom_heading text=\u00a0\u00bbPourquoi choisirez-vous Road N1?\u00a0\u00bb font_container=\u00a0\u00bbtag:h2|font_size:30px|text_align:center|color:%23012b44|line_height:50px\u00a0\u00bb use_theme_fonts=\u00a0\u00bbyes\u00a0\u00bb css=\u00a0\u00bb.vc_custom_1484196241978{margin-bottom: 53px !important;}\u00a0\u00bb][vc_row_inner][vc_column_inner width=\u00a0\u00bb1\/3&Prime;][stm_icon_box title_holder=\u00a0\u00bbh4&Prime; icon=\u00a0\u00bbstm-rental-medal_rent\u00a0\u00bb title=\u00a0\u00bbUne entreprise digitale\u00a0\u00bb icon_bg_color=\u00a0\u00bb#ffc90f\u00a0\u00bb icon_color=\u00a0\u00bb#ffffff\u00a0\u00bb box_bg_color=\u00a0\u00bb#ffffff\u00a0\u00bb css=\u00a0\u00bb.vc_custom_1513472443790{padding-top: 0px !important;padding-right: 0px !important;padding-bottom: 0px !important;padding-left: 0px !important;}\u00a0\u00bb icon_size=\u00a0\u00bb31&Prime; box_text_color=\u00a0\u00bb#888888&Prime; box_text_color_hover=\u00a0\u00bb#6e6e6e\u00a0\u00bb line_height=\u00a0\u00bb20&Prime;]<\/p>\n<p style=\"line-height: 20px;\">Derri\u00e8re Road N1 se trouve une \u00e9quipe jeune et dynamique qui a soif d\u2019innovation et qui cherche \u00e0 r\u00e9volutionner le secteur de location de voitures gr\u00e2ce au Digital.<\/p>\n<p>[\/stm_icon_box][stm_icon_box title_holder=\u00a0\u00bbh4&Prime; icon=\u00a0\u00bbstm-icon-car\u00a0\u00bb title=\u00a0\u00bbUn large choix de v\u00e9hicules\u00a0\u00bb icon_bg_color=\u00a0\u00bb#ffc90f\u00a0\u00bb icon_color=\u00a0\u00bb#ffffff\u00a0\u00bb box_bg_color=\u00a0\u00bb#ffffff\u00a0\u00bb css=\u00a0\u00bb.vc_custom_1513472496575{padding-top: 0px !important;padding-right: 0px !important;padding-bottom: 0px !important;padding-left: 0px !important;}\u00a0\u00bb icon_size=\u00a0\u00bb31&Prime; box_text_color=\u00a0\u00bb#888888&Prime; box_text_color_hover=\u00a0\u00bb#6e6e6e\u00a0\u00bb line_height=\u00a0\u00bb20&Prime;]<\/p>\n<p style=\"line-height: 20px;\">Road N1 vous propose un large choix de v\u00e9hicules. Plusieurs cat\u00e9gories sont disponibles et permettent de r\u00e9pondre \u00e0 toutes vos attentes.<\/p>\n<p>[\/stm_icon_box][\/vc_column_inner][vc_column_inner width=\u00a0\u00bb1\/3&Prime;][stm_icon_box title_holder=\u00a0\u00bbh4&Prime; icon=\u00a0\u00bbstm-service-icon-cash_dollar\u00a0\u00bb title=\u00a0\u00bbDes tarifs clairs et transparents\u00a0\u00bb icon_bg_color=\u00a0\u00bb#ffc90f\u00a0\u00bb icon_color=\u00a0\u00bb#ffffff\u00a0\u00bb box_bg_color=\u00a0\u00bb#ffffff\u00a0\u00bb css=\u00a0\u00bb.vc_custom_1513472535159{padding-top: 0px !important;padding-right: 0px !important;padding-bottom: 0px !important;padding-left: 0px !important;}\u00a0\u00bb icon_size=\u00a0\u00bb31&Prime; box_text_color=\u00a0\u00bb#888888&Prime; box_text_color_hover=\u00a0\u00bb#6e6e6e\u00a0\u00bb line_height=\u00a0\u00bb20&Prime;]<\/p>\n<p style=\"line-height: 20px;\">A travers les diff\u00e9rents canaux de vente, Road N1 garantit une transparence et clart\u00e9 de ses diff\u00e9rents produits. C\u2019est un \u00e9l\u00e9ment crucial pour la satisfaction des clients.<\/p>\n<p>[\/stm_icon_box][stm_icon_box title_holder=\u00a0\u00bbh4&Prime; icon=\u00a0\u00bbstm-service-icon-inventory\u00a0\u00bb title=\u00a0\u00bbDes services in\u00e9dits inclus\u00a0\u00bb icon_bg_color=\u00a0\u00bb#ffc90f\u00a0\u00bb icon_color=\u00a0\u00bb#ffffff\u00a0\u00bb box_bg_color=\u00a0\u00bb#ffffff\u00a0\u00bb css=\u00a0\u00bb.vc_custom_1513472585421{padding-top: 0px !important;padding-right: 0px !important;padding-bottom: 0px !important;padding-left: 0px !important;}\u00a0\u00bb icon_size=\u00a0\u00bb31&Prime; box_text_color=\u00a0\u00bb#888888&Prime; box_text_color_hover=\u00a0\u00bb#6e6e6e\u00a0\u00bb line_height=\u00a0\u00bb20&Prime;]<\/p>\n<p style=\"line-height: 20px;\">Avec Road N1, vous avez le 2\u00e8me conducteur gratuit, le kilom\u00e9trage illimit\u00e9 et la livraison\/d\u00e9p\u00f4t de la voiture partout dans la r\u00e9gion de Tanger.<\/p>\n<p>[\/stm_icon_box][\/vc_column_inner][vc_column_inner width=\u00a0\u00bb1\/3&Prime;][stm_icon_box title_holder=\u00a0\u00bbh4&Prime; icon=\u00a0\u00bbstm-service-icon-like_it\u00a0\u00bb title=\u00a0\u00bbUn service de qualit\u00e9\u00a0\u00bb icon_bg_color=\u00a0\u00bb#ffc90f\u00a0\u00bb icon_color=\u00a0\u00bb#ffffff\u00a0\u00bb box_bg_color=\u00a0\u00bb#ffffff\u00a0\u00bb css=\u00a0\u00bb.vc_custom_1513472625790{padding-top: 0px !important;padding-right: 0px !important;padding-bottom: 0px !important;padding-left: 0px !important;}\u00a0\u00bb icon_size=\u00a0\u00bb31&Prime; box_text_color=\u00a0\u00bb#888888&Prime; box_text_color_hover=\u00a0\u00bb#6e6e6e\u00a0\u00bb line_height=\u00a0\u00bb20&Prime;]<\/p>\n<p style=\"line-height: 20px;\">Road N1 garantit un service exceptionnel et de qualit\u00e9. La devise de Road N1 est de vous servir et de satisfaire toutes vos demandes. Road N1 est toujours \u00e0 votre \u00e9coute.<\/p>\n<p>[\/stm_icon_box][stm_icon_box title_holder=\u00a0\u00bbh4&Prime; icon=\u00a0\u00bbstm-rental-support_rent\u00a0\u00bb title=\u00a0\u00bbUn support 7j\/7&Prime; icon_bg_color=\u00a0\u00bb#ffc90f\u00a0\u00bb icon_color=\u00a0\u00bb#ffffff\u00a0\u00bb box_bg_color=\u00a0\u00bb#ffffff\u00a0\u00bb css=\u00a0\u00bb.vc_custom_1513472661318{padding-top: 0px !important;padding-right: 0px !important;padding-bottom: 0px !important;padding-left: 0px !important;}\u00a0\u00bb icon_size=\u00a0\u00bb31&Prime; box_text_color=\u00a0\u00bb#888888&Prime; box_text_color_hover=\u00a0\u00bb#6e6e6e\u00a0\u00bb line_height=\u00a0\u00bb20&Prime;]<\/p>\n<p style=\"line-height: 20px;\">Road N1 assure un support tous les jours de la semaine, y compris les weekend et jours f\u00e9ri\u00e9s. Vous pourrez nous joindre \u00e0 n\u2019importe quel moment de la journ\u00e9e.<\/p>\n<p>[\/stm_icon_box][\/vc_column_inner][\/vc_row_inner][\/vc_column][\/vc_row]<\/p>\n<p>[vc_row full_width=\u00a0\u00bbstretch_row\u00a0\u00bb css=\u00a0\u00bb.vc_custom_1483773620589{background-color: #ffc90f !important;}\u00a0\u00bb][vc_column][stm_call_to_action_2 cta_icon=\u00a0\u00bbfa fa-envelope-o\u00a0\u00bb call_to_action_icon_right=\u00a0\u00bbstm-icon-phone2&Prime; call_to_action_color=\u00a0\u00bb#ffc90f\u00a0\u00bb call_to_action_text_color=\u00a0\u00bb#273f44&Prime; call_to_action_label_right=\u00a0\u00bb+212 6 62 07 93 48&Prime; css=\u00a0\u00bb.vc_custom_1513473613512{padding-right: 0px !important;padding-left: 0px !important;}\u00a0\u00bb link=\u00a0\u00bburl:http%3A%2F%2Fmotorswp.stm%2Fcar-rental-service%2Fcontact-us%2F|title:Feedback||\u00a0\u00bb call_to_action_label=\u00a0\u00bb \u00a0\u00bb call_to_action_label_2=\u00a0\u00bbAVEZ-VOUS DES QUESTIONS ? \u00ab\u00a0][\/vc_column][\/vc_row]<\/p>\n<p>[vc_row css=\u00a0\u00bb.vc_custom_1485257114744{margin-top: 60px !important;margin-bottom: 42px !important;}\u00a0\u00bb][vc_column css=\u00a0\u00bb.vc_custom_1485348846772{margin-bottom: 42px !important;}\u00a0\u00bb offset=\u00a0\u00bbvc_col-lg-8&Prime;][vc_column_text css=\u00a0\u00bb.vc_custom_1513471437779{margin-bottom: 24px !important;}\u00a0\u00bb]<\/p>\n<h2><span style=\"color: #012b44;\">LE CENTRE DE SERVICE<\/span> <span style=\"color: #ffc90f;\"><a href=\"https:\/\/roadn1.com\/fr\/\" title=\"Location voiture Tanger\" style=\"color: #ffc90f\" >ROAD N1<\/a><\/span><\/h2>\n<p>[\/vc_column_text][vc_column_text css=\u00a0\u00bb.vc_custom_1513471464113{margin-bottom: 31px !important;padding-left: 2px !important;}\u00a0\u00bb]Bienveue au centre de service de Road N1<\/p>\n<p>Etes-vous pr\u00eat \u00e0 vivre une exp\u00e9rience unique en louant votre v\u00e9hicule avec Road N1?<\/p>\n<p>Bienvenue dans l\u2019univers Road N1 ![\/vc_column_text][vc_custom_heading text=\u00a0\u00bbNOS SERVICES DISPONIBLES\u00a0\u00bb font_container=\u00a0\u00bbtag:h4|text_align:left\u00a0\u00bb use_theme_fonts=\u00a0\u00bbyes\u00a0\u00bb css=\u00a0\u00bb.vc_custom_1446703859040{margin-bottom: 20px !important;color: #012b44;}\u00a0\u00bb][vc_row_inner css=\u00a0\u00bb.vc_custom_1446703897866{margin-bottom: 30px !important;}\u00a0\u00bb][vc_column_inner width=\u00a0\u00bb1\/2&Prime;][vc_column_text]<\/p>\n<ul class=\"list-style-1\">\n<li>Voiture livr\u00e9e gratuitement partout dans la r\u00e9gion de Tanger<\/li>\n<li>V\u00e9hicule de remplacement en cas de panne<\/li>\n<li>Support, SAV, assistance joignables 7jours\/7<\/li>\n<li>Location longue dur\u00e9e avec prix pr\u00e9f\u00e9rentiel<\/li>\n<\/ul>\n<p>[\/vc_column_text][\/vc_column_inner][vc_column_inner width=\u00a0\u00bb1\/2&Prime;][vc_column_text]<\/p>\n<ul class=\"list-style-1\">\n<li>Rappatriement du v\u00e9hicule partout au Maroc<\/li>\n<li>Rendez votre r\u00e9servoir comme vous souhaitez<\/li>\n<li>Des accessoires in\u00e9dits pour am\u00e9liorer votre exp\u00e9rience<\/li>\n<\/ul>\n<p>[\/vc_column_text][\/vc_column_inner][\/vc_row_inner][vc_column_text css=\u00a0\u00bb.vc_custom_1513471586811{padding-left: 2px !important;}\u00a0\u00bb][\/vc_column_text][\/vc_column][vc_column width=\u00a0\u00bb1\/3&Prime; css=\u00a0\u00bb.vc_custom_1485348823744{margin-top: 13px !important;}\u00a0\u00bb offset=\u00a0\u00bbvc_hidden-md vc_hidden-sm vc_hidden-xs\u00a0\u00bb][vc_single_image image=\u00a0\u00bb547&Prime; img_size=\u00a0\u00bb350&#215;205&Prime; stm_fancybox=\u00a0\u00bbyes\u00a0\u00bb css=\u00a0\u00bb.vc_custom_1512180371227{margin-bottom: 25px !important;}\u00a0\u00bb][vc_single_image image=\u00a0\u00bb1299&Prime; img_size=\u00a0\u00bb350&#215;205&Prime; stm_fancybox=\u00a0\u00bbyes\u00a0\u00bb][\/vc_column][\/vc_row]<\/p>\n","protected":false},"excerpt":{"rendered":"<p>[vc_row css=\u00a0\u00bb.vc_custom_1485428309292{text-align: center;}\u00a0\u00bb][vc_column width=\u00a0\u00bb1&Prime; el_class=\u00a0\u00bbstm-col-pad-left\u00a0\u00bb][vc_column_text] Location de voiture \u00e0 Tanger [\/vc_column_text][\/vc_column][\/vc_row] [vc_row full_width=\u00a0\u00bbstretch_row\u00a0\u00bb css_animation=\u00a0\u00bbflipInY\u00a0\u00bb css=\u00a0\u00bb.vc_custom_1516557504129{margin-bottom: 30px !important;padding-top: 36px !important;background: #e5e5e5 url(https:\/\/roadn1.com\/wp-content\/uploads\/2018\/12\/banner-3-2-min.jpg?id=900) !important;}\u00a0\u00bb el_class=\u00a0\u00bbstm-background-centered\u00a0\u00bb][vc_column width=\u00a0\u00bb1\/2&Prime;][stm_text_baloon] &nbsp;Location voiture tanger \u00e0 partir de 19\u20ac! &nbsp;kilom\u00e9trage illimit\u00e9! &nbsp;Conducteur additionnel gratuit! [\/stm_text_baloon][\/vc_column][vc_column width=\u00a0\u00bb1\/2&Prime;][stm_rent_car_form][\/vc_column][\/vc_row] [vc_row css=\u00a0\u00bb.vc_custom_1484196732635{margin-bottom: 47px !important;}\u00a0\u00bb][vc_column][vc_custom_heading text=\u00a0\u00bbPourquoi choisirez-vous Road N1?\u00a0\u00bb font_container=\u00a0\u00bbtag:h2|font_size:30px|text_align:center|color:%23012b44|line_height:50px\u00a0\u00bb use_theme_fonts=\u00a0\u00bbyes\u00a0\u00bb css=\u00a0\u00bb.vc_custom_1484196241978{margin-bottom: 53px !important;}\u00a0\u00bb][vc_row_inner][vc_column_inner width=\u00a0\u00bb1\/3&Prime;][stm_icon_box title_holder=\u00a0\u00bbh4&Prime; icon=\u00a0\u00bbstm-rental-medal_rent\u00a0\u00bb title=\u00a0\u00bbUne&#8230;<\/p>\n","protected":false},"author":1,"featured_media":0,"parent":0,"menu_order":0,"comment_status":"closed","ping_status":"closed","template":"","meta":{"footnotes":""},"_links":{"self":[{"href":"https:\/\/roadn1.com\/fr\/wp-json\/wp\/v2\/pages\/1778"}],"collection":[{"href":"https:\/\/roadn1.com\/fr\/wp-json\/wp\/v2\/pages"}],"about":[{"href":"https:\/\/roadn1.com\/fr\/wp-json\/wp\/v2\/types\/page"}],"author":[{"embeddable":true,"href":"https:\/\/roadn1.com\/fr\/wp-json\/wp\/v2\/users\/1"}],"replies":[{"embeddable":true,"href":"https:\/\/roadn1.com\/fr\/wp-json\/wp\/v2\/comments?post=1778"}],"version-history":[{"count":12,"href":"https:\/\/roadn1.com\/fr\/wp-json\/wp\/v2\/pages\/1778\/revisions"}],"predecessor-version":[{"id":1860,"href":"https:\/\/roadn1.com\/fr\/wp-json\/wp\/v2\/pages\/1778\/revisions\/1860"}],"wp:attachment":[{"href":"https:\/\/roadn1.com\/fr\/wp-json\/wp\/v2\/media?parent=1778"}],"curies":[{"name":"wp","href":"https:\/\/api.w.org\/{rel}","templated":true}]}}