{"id":746,"date":"2017-12-19T20:40:29","date_gmt":"2017-12-19T20:40:29","guid":{"rendered":"http:\/\/roadn1.com\/my-account-es\/"},"modified":"2018-11-03T22:53:57","modified_gmt":"2018-11-03T22:53:57","slug":"my-account-es","status":"publish","type":"page","link":"https:\/\/roadn1.com\/es\/my-account-es\/","title":{"rendered":"My Account Es"},"content":{"rendered":"<div class=\"woocommerce\">\n\n\n\n\t\t<form method=\"post\" class=\"login\">\n\t\t\t\n\t\t\t<h4>Iniciar sesi\u00f3n<\/h4>\n\n\t\t\t\t\t\t\t\t\t\t<div class=\"stm-rent-fields-wrap\">\n\t\t\t\t\t\t<p class=\"form-row form-row-wide\">\n\t\t\t\t                    <label class=\"h4\">LOGIN<\/label>\n\t\t\t\t    <div class=\"stm-rent-text-wrap\">\n                \t\t\t\t\t<input type=\"text\" class=\"input-text\" name=\"username\" id=\"username\" value=\"\" placeholder=\"Nombre de usuario o direcci\u00f3n de correo electr\u00f3nico *\" \/>\n                \t\t\t\t<\/div>\n\t\t\t<p class=\"form-row form-row-wide stm-rent-pass\">\n\t\t\t\t\t\t\t\t\t<label class=\"h4\">PASSWORD<\/label>\n\t\t\t\t\t<a class=\"lost_password\" href=\"https:\/\/roadn1.com\/es\/checkout\/lost-password\/\">\u00bfPerdi\u00f3 tu contrase\u00f1a?<\/a>\n\t\t\t\t\t<div class=\"stm-rent-pass-wrap\">\n\t\t\t\t\t\t\t\t<input class=\"input-text\" type=\"password\" name=\"password\" id=\"password\" placeholder=\"Contrase\u00f1a *\" \/>\n\t\t\t\t\t\t\t\t\t<\/div>\n\n\t\t\t\n\t\t\t<p class=\"form-row form-row-login\">\n\t\t\t\t<input type=\"hidden\" id=\"_wpnonce\" name=\"_wpnonce\" value=\"621df1ada4\" \/><input type=\"hidden\" name=\"_wp_http_referer\" value=\"\/es\/wp-json\/wp\/v2\/pages\/746\" \/>\t\t\t\t\t\t\t\t\t<div class=\"stm-rent-btn-wrap button stm-button stm-button-icon stm-button-secondary-color \">\n\t\t\t\t\t\t<input type=\"submit\" class=\"button\" name=\"login\" value=\"Iniciar sesi\u00f3n\" \/>\n\t\t\t\t\t\t<i class=\"fa fa-arrow-right\"><\/i>\n\t\t\t\t\t<\/div>\n\t\t\t\t\t\t\t\t<label for=\"rememberme\" class=\"inline\">\n\t\t\t\t\t<input name=\"rememberme\" type=\"checkbox\" id=\"rememberme\" value=\"forever\" \/> Recu\u00e9rdame\t\t\t\t<\/label>\n\t\t\t<\/p>\n\t\t\t\t\t\t<div class=\"clear\"><\/div>\n\n\t\t\t\t\t\t\t<\/div>\n\t\t\t\t\t\t\n\t\t<\/form>\n\n\n<\/div>\n","protected":false},"excerpt":{"rendered":"Iniciar sesi\u00f3n LOGIN PASSWORD \u00bfPerdi\u00f3 tu contrase\u00f1a? Recu\u00e9rdame","protected":false},"author":1,"featured_media":0,"parent":0,"menu_order":0,"comment_status":"closed","ping_status":"closed","template":"","meta":{"footnotes":""},"_links":{"self":[{"href":"https:\/\/roadn1.com\/es\/wp-json\/wp\/v2\/pages\/746"}],"collection":[{"href":"https:\/\/roadn1.com\/es\/wp-json\/wp\/v2\/pages"}],"about":[{"href":"https:\/\/roadn1.com\/es\/wp-json\/wp\/v2\/types\/page"}],"author":[{"embeddable":true,"href":"https:\/\/roadn1.com\/es\/wp-json\/wp\/v2\/users\/1"}],"replies":[{"embeddable":true,"href":"https:\/\/roadn1.com\/es\/wp-json\/wp\/v2\/comments?post=746"}],"version-history":[{"count":1,"href":"https:\/\/roadn1.com\/es\/wp-json\/wp\/v2\/pages\/746\/revisions"}],"predecessor-version":[{"id":1676,"href":"https:\/\/roadn1.com\/es\/wp-json\/wp\/v2\/pages\/746\/revisions\/1676"}],"wp:attachment":[{"href":"https:\/\/roadn1.com\/es\/wp-json\/wp\/v2\/media?parent=746"}],"curies":[{"name":"wp","href":"https:\/\/api.w.org\/{rel}","templated":true}]}}