{"id":738,"date":"2017-12-19T20:38:23","date_gmt":"2017-12-19T20:38:23","guid":{"rendered":"http:\/\/roadn1.com\/about-us-es\/"},"modified":"2018-12-08T16:45:11","modified_gmt":"2018-12-08T16:45:11","slug":"about-us","status":"publish","type":"page","link":"https:\/\/roadn1.com\/es\/about-us\/","title":{"rendered":"Acerca de nosotros"},"content":{"rendered":"<div class=\"breadcrumb-div\">[wpseo_breadcrumb]<\/div>\n<p>[vc_row css=\u00bb.vc_custom_1485428309292{margin-top: 60px !important;margin-bottom: 51px !important;}\u00bb][vc_column width=\u00bb1\/2&#8243; el_class=\u00bbstm-col-pad-right\u00bb][vc_single_image image=\u00bb1324&#8243; img_size=\u00bbfull\u00bb stm_fancybox=\u00bbyes\u00bb css=\u00bb.vc_custom_1519566909320{margin-bottom: 35px !important;margin-top: 70px !important;}\u00bb][\/vc_column][vc_column width=\u00bb1\/2&#8243; el_class=\u00bbstm-col-pad-left\u00bb][vc_column_text]<\/p>\n<h3 style=\"margin-bottom: 18px;\">BIENVENIDO A\u00a0<span style=\"color: #f0c540;\"><a href=\"https:\/\/roadn1.com\/es\/\" title=\"Alquiler Coches Tanger\" style=\"color: #f0c540\" >ROAD N1<\/a><\/span><\/h3>\n<p style=\"margin-bottom: 26px;\">Road N1 es una plataforma de alquiler de autom\u00f3viles con sede en T\u00e1nger que ofrece servicios de alquiler a corto y largo plazo para particulares y empresas.<\/p>\n<p style=\"margin-bottom: 26px;\">Equipada con un sitio web interactivo y una aplicaci\u00f3n m\u00f3vil, Road N1 es una plataforma digital que ofrece a sus clientes una experiencia \u00fanica en Marruecos en el proceso de reserva, entrega, uso y gesti\u00f3n de incidentes y la devoluci\u00f3n del veh\u00edculo de alquiler. Road N1 tambi\u00e9n tiene una presencia f\u00edsica en el centro de T\u00e1nger con un personal c\u00e1lido, profesional y experimentado que satisfar\u00e1 todos sus requisitos y le ofrecer\u00e1 un servicio de calidad.<\/p>\n<p style=\"margin-bottom: 26px;\">Road N1 combina el talento y la experiencia empresarial en el campo con el dinamismo y la creatividad de un equipo joven experto en nuevas tecnolog\u00edas y que busca revolucionar el sector del alquiler de autom\u00f3viles a trav\u00e9s de la innovaci\u00f3n y la tecnolog\u00eda digital.<\/p>\n<p style=\"margin-bottom: 26px;\">Road N1 tiene una amplia gama de veh\u00edculos que cumplir\u00e1n con todas sus expectativas, nuevos accesorios y opciones incluidos o para incluir y un servicio de atenci\u00f3n al cliente accesible las 7 d\u00edas \/ 7 que siempre a la escucha. La combinaci\u00f3n de estos elementos le permitir\u00e1 disfrutar serenamente de su viaje y en las mejores condiciones.<\/p>\n<p>[\/vc_column_text][\/vc_column][\/vc_row][vc_row css=\u00bb.vc_custom_1445594570930{margin-bottom: 83px !important;}\u00bb][vc_column width=\u00bb1\/2&#8243; el_class=\u00bbstm-col-pad-right\u00bb][vc_column_text css=\u00bb.vc_custom_1445496956815{margin-bottom: 23px !important;}\u00bb]<\/p>\n<h3>NUESTROS VALORES<\/h3>\n<p>[\/vc_column_text][vc_column_text css=\u00bb.vc_custom_1513475804573{margin-bottom: 24px !important;}\u00bb][\/vc_column_text][vc_column_text]<\/p>\n<ul class=\"list-style-1\">\n<li>La mejor experiencia del cliente.<\/li>\n<li>Transparencia.<\/li>\n<li>Calidad de servicio.<\/li>\n<li>Innovaci\u00f3n permanente para servirle mejor.<\/li>\n<\/ul>\n<p>[\/vc_column_text][\/vc_column][vc_column width=\u00bb1\/2&#8243; el_class=\u00bbstm-col-pad-left\u00bb][vc_single_image image=\u00bb1233&#8243; img_size=\u00bbfull\u00bb stm_fancybox=\u00bbyes\u00bb css=\u00bb.vc_custom_1519567813662{margin-bottom: 35px !important;}\u00bb][\/vc_column][\/vc_row][vc_row full_width=\u00bbstretch_row\u00bb css=\u00bb.vc_custom_1519567994726{margin-bottom: 0px !important;padding-top: 48px !important;padding-bottom: 31px !important;background-color: #ffc90f !important;}\u00bb][vc_column][vc_custom_heading text=\u00bbGaler\u00eda\u00bb font_container=\u00bbtag:h2|text_align:center|color:%23ffffff\u00bb use_theme_fonts=\u00bbyes\u00bb][stm_color_separator css=\u00bb.vc_custom_1519568126734{margin-top: 17px !important;margin-bottom: 25px !important;}\u00bb color=\u00bb#012b44 !important\u00bb][stm_carousel image_size=\u00bb270&#215;180&#8243; images=\u00bb1623,998,1013,1620,1004,1001&#8243;][\/vc_column][\/vc_row]<\/p>\n","protected":false},"excerpt":{"rendered":"<p>[wpseo_breadcrumb] [vc_row css=\u00bb.vc_custom_1485428309292{margin-top: 60px !important;margin-bottom: 51px !important;}\u00bb][vc_column width=\u00bb1\/2&#8243; el_class=\u00bbstm-col-pad-right\u00bb][vc_single_image image=\u00bb1324&#8243; img_size=\u00bbfull\u00bb stm_fancybox=\u00bbyes\u00bb css=\u00bb.vc_custom_1519566909320{margin-bottom: 35px !important;margin-top: 70px !important;}\u00bb][\/vc_column][vc_column width=\u00bb1\/2&#8243; el_class=\u00bbstm-col-pad-left\u00bb][vc_column_text] BIENVENIDO A\u00a0ROAD N1 Road N1 es una plataforma de alquiler de autom\u00f3viles con sede en T\u00e1nger que ofrece servicios de alquiler a corto y largo plazo para particulares y empresas. Equipada con un sitio web interactivo&#8230;<\/p>\n","protected":false},"author":1,"featured_media":0,"parent":0,"menu_order":0,"comment_status":"closed","ping_status":"closed","template":"","meta":{"footnotes":""},"_links":{"self":[{"href":"https:\/\/roadn1.com\/es\/wp-json\/wp\/v2\/pages\/738"}],"collection":[{"href":"https:\/\/roadn1.com\/es\/wp-json\/wp\/v2\/pages"}],"about":[{"href":"https:\/\/roadn1.com\/es\/wp-json\/wp\/v2\/types\/page"}],"author":[{"embeddable":true,"href":"https:\/\/roadn1.com\/es\/wp-json\/wp\/v2\/users\/1"}],"replies":[{"embeddable":true,"href":"https:\/\/roadn1.com\/es\/wp-json\/wp\/v2\/comments?post=738"}],"version-history":[{"count":21,"href":"https:\/\/roadn1.com\/es\/wp-json\/wp\/v2\/pages\/738\/revisions"}],"predecessor-version":[{"id":1753,"href":"https:\/\/roadn1.com\/es\/wp-json\/wp\/v2\/pages\/738\/revisions\/1753"}],"wp:attachment":[{"href":"https:\/\/roadn1.com\/es\/wp-json\/wp\/v2\/media?parent=738"}],"curies":[{"name":"wp","href":"https:\/\/api.w.org\/{rel}","templated":true}]}}