{"id":736,"date":"2017-12-19T20:37:04","date_gmt":"2017-12-19T20:37:04","guid":{"rendered":"http:\/\/roadn1.com\/home-page-es\/"},"modified":"2019-03-26T17:13:45","modified_gmt":"2019-03-26T17:13:45","slug":"inicio","status":"publish","type":"page","link":"https:\/\/roadn1.com\/es\/","title":{"rendered":"Inicio"},"content":{"rendered":"<div class=\"seo-div\">\n<h1 class=\"h1-style\">Agencia Road N1 &#8211; Alquiler desde 19\u20ac! &#8211; Reservar ahora<\/h1>\n<\/div>\n<p>[vc_row full_width=\u00bbstretch_row\u00bb css_animation=\u00bbflipInY\u00bb css=\u00bb.vc_custom_1516557504129{margin-bottom: 30px !important;padding-top: 36px !important;background: #e5e5e5 url(http:\/\/roadn1.com\/wp-content\/uploads\/2018\/01\/banner-3-2.jpg?id=900) !important;}\u00bb el_class=\u00bbstm-background-centered\u00bb][vc_column width=\u00bb1\/2&#8243;][stm_text_baloon]<\/p>\n<h4><i class=\"stm-rental-medal_rent\"><\/i>\u00a0Alquila Coches Tanger desde 19\u20ac!<\/h4>\n<h3><\/h3>\n<h4><i class=\"stm-rental-medal_rent\"><\/i>\u00a0Kilometraje ilimitado!<\/h4>\n<h3><\/h3>\n<h4><i class=\"stm-rental-medal_rent\"><\/i>\u00a0Conductor adicional gratis!<\/h4>\n<p>[\/stm_text_baloon][\/vc_column][vc_column width=\u00bb1\/2&#8243;][stm_rent_car_form][\/vc_column][\/vc_row][vc_row css=\u00bb.vc_custom_1484196732635{margin-bottom: 47px !important;}\u00bb][vc_column][vc_custom_heading text=\u00bb\u00bfPor qu\u00e9 eligerias Road N1?\u00bb font_container=\u00bbtag:h2|font_size:30px|text_align:center|color:%23273f44|line_height:50px\u00bb use_theme_fonts=\u00bbyes\u00bb css=\u00bb.vc_custom_1484196241978{margin-bottom: 53px !important;}\u00bb][vc_row_inner][vc_column_inner width=\u00bb1\/3&#8243;][stm_icon_box title_holder=\u00bbh4&#8243; icon=\u00bbstm-rental-medal_rent\u00bb title=\u00bbUna empresa digital\u00bb icon_bg_color=\u00bb#FFC90F\u00bb icon_color=\u00bb#ffffff\u00bb box_bg_color=\u00bb#ffffff\u00bb css=\u00bb.vc_custom_1513463100665{padding-top: 0px !important;padding-right: 0px !important;padding-bottom: 0px !important;padding-left: 0px !important;}\u00bb icon_size=\u00bb31&#8243; box_text_color=\u00bb#888888&#8243; box_text_color_hover=\u00bb#6e6e6e\u00bb line_height=\u00bb20&#8243;]<\/p>\n<p style=\"line-height: 20px;\">Detr\u00e1s de <a title=\"Alquila Coches Tanger\" href=\"https:\/\/roadn1.com\/es\/\">Road N1<\/a> trabaja un equipo joven y din\u00e1mico, que con su sed de innovaci\u00f3n, busca revolucionar el sector de alquiler de coches a trav\u00e9s del Digital.<\/p>\n<p>[\/stm_icon_box][stm_icon_box title_holder=\u00bbh4&#8243; icon=\u00bbstm-icon-car\u00bb title=\u00bbUna amplia variedad de veh\u00edculos\u00bb icon_bg_color=\u00bb#FFC90F\u00bb icon_color=\u00bb#ffffff\u00bb box_bg_color=\u00bb#ffffff\u00bb css=\u00bb.vc_custom_1513463141205{padding-top: 0px !important;padding-right: 0px !important;padding-bottom: 0px !important;padding-left: 0px !important;}\u00bb icon_size=\u00bb31&#8243; box_text_color=\u00bb#888888&#8243; box_text_color_hover=\u00bb#6e6e6e\u00bb line_height=\u00bb20&#8243;]<\/p>\n<p style=\"line-height: 20px;\"><a title=\"Alquila Coches Tanger\" href=\"https:\/\/roadn1.com\/es\/\">Road N1<\/a> ofrece una amplia variedad de veh\u00edculos. Varias categor\u00edas est\u00e1n disponibles y cumplen con todas sus exigencias.<\/p>\n<p>[\/stm_icon_box][\/vc_column_inner][vc_column_inner width=\u00bb1\/3&#8243;][stm_icon_box title_holder=\u00bbh4&#8243; icon=\u00bbstm-service-icon-cash_dollar\u00bb title=\u00bbTarifas claras y transparentes\u00bb icon_bg_color=\u00bb#FFC90F\u00bb icon_color=\u00bb#ffffff\u00bb box_bg_color=\u00bb#ffffff\u00bb css=\u00bb.vc_custom_1518742364874{padding-top: 0px !important;padding-right: 0px !important;padding-bottom: 0px !important;padding-left: 0px !important;}\u00bb icon_size=\u00bb31&#8243; box_text_color=\u00bb#888888&#8243; box_text_color_hover=\u00bb#6e6e6e\u00bb line_height=\u00bb20&#8243;]<\/p>\n<p style=\"line-height: 20px;\">A trav\u00e9s de los distintos canales de venta, <a title=\"Alquila Coches Tanger\" href=\"https:\/\/roadn1.com\/es\/\">Road N1<\/a> garantiza la transparencia de las tarifas de sus diferentes productos. Este es un elemento crucial en nuestra politica de maximizar la satisfacci\u00f3n del cliente.<\/p>\n<p>[\/stm_icon_box][stm_icon_box title_holder=\u00bbh4&#8243; icon=\u00bbstm-service-icon-inventory\u00bb title=\u00bbServicios ineditos incluidos\u00bb icon_bg_color=\u00bb#FFC90F\u00bb icon_color=\u00bb#ffffff\u00bb box_bg_color=\u00bb#ffffff\u00bb css=\u00bb.vc_custom_1518990693156{padding-top: 0px !important;padding-right: 0px !important;padding-bottom: 0px !important;padding-left: 0px !important;}\u00bb icon_size=\u00bb31&#8243; box_text_color=\u00bb#888888&#8243; box_text_color_hover=\u00bb#6e6e6e\u00bb line_height=\u00bb20&#8243;]<\/p>\n<p style=\"line-height: 20px;\">Con <a title=\"Alquila Coches Tanger\" href=\"https:\/\/roadn1.com\/es\/\">Road N1<\/a>, tiene el conductor adicional gratuito, el kilometraje ilimitado y la entrega \/ recogida del autom\u00f3vil en cualquier punto de la regi\u00f3n de T\u00e1nger.<\/p>\n<p>[\/stm_icon_box][\/vc_column_inner][vc_column_inner width=\u00bb1\/3&#8243;][stm_icon_box title_holder=\u00bbh4&#8243; icon=\u00bbstm-service-icon-like_it\u00bb title=\u00bbUn servicio de calidad\u00bb icon_bg_color=\u00bb#FFC90F\u00bb icon_color=\u00bb#ffffff\u00bb box_bg_color=\u00bb#ffffff\u00bb css=\u00bb.vc_custom_1518990697086{padding-top: 0px !important;padding-right: 0px !important;padding-bottom: 0px !important;padding-left: 0px !important;}\u00bb icon_size=\u00bb31&#8243; box_text_color=\u00bb#888888&#8243; box_text_color_hover=\u00bb#6e6e6e\u00bb line_height=\u00bb20&#8243;]<\/p>\n<p style=\"line-height: 20px;\"><a title=\"Alquila Coches Tanger\" href=\"https:\/\/roadn1.com\/es\/\">Road N1<\/a> garantiza un servicio de calidad excepcional. El lema de <a title=\"Alquila Coches Tanger\" href=\"https:\/\/roadn1.com\/es\/\">Road N1<\/a> es servirle y satisfacer sus peticiones. <a title=\"Alquila Coches Tanger\" href=\"https:\/\/roadn1.com\/es\/\">Road N1<\/a> est\u00e1 siempre a su disposici\u00f3n.<\/p>\n<p>[\/stm_icon_box][stm_icon_box title_holder=\u00bbh4&#8243; icon=\u00bbstm-rental-support_rent\u00bb title=\u00bbUna asistencia 7\/7&#8243; icon_bg_color=\u00bb#FFC90F\u00bb icon_color=\u00bb#ffffff\u00bb box_bg_color=\u00bb#ffffff\u00bb css=\u00bb.vc_custom_1518990700886{padding-top: 0px !important;padding-right: 0px !important;padding-bottom: 0px !important;padding-left: 0px !important;}\u00bb icon_size=\u00bb31&#8243; box_text_color=\u00bb#888888&#8243; box_text_color_hover=\u00bb#6e6e6e\u00bb line_height=\u00bb20&#8243;]<\/p>\n<p style=\"line-height: 20px;\"><a title=\"Alquila Coches Tanger\" href=\"https:\/\/roadn1.com\/es\/\">Road N1<\/a> ofrece asistencia todos los d\u00edas de la semana, incluidos fines de semana y d\u00edas festivos. Puede contactar con nosotros en cualquier momento del d\u00eda.<\/p>\n<p>[\/stm_icon_box][\/vc_column_inner][\/vc_row_inner][\/vc_column][\/vc_row][vc_row el_class=\u00bbstm-fullwidth-with-parallax\u00bb css=\u00bb.vc_custom_1519167622887{padding-bottom: 51px !important;background-image: url(http:\/\/roadn1.com\/wp-content\/uploads\/2018\/02\/home-1.jpg?id=1199) !important;}\u00bb][vc_column][vc_custom_heading text=\u00bbCATEGORIA DE VEH\u00cdCULO\u00bb font_container=\u00bbtag:h2|font_size:30px|text_align:center|color:%23ffffff|line_height:50px\u00bb use_theme_fonts=\u00bbyes\u00bb css=\u00bb.vc_custom_1519045702405{margin-top: 68px !important;margin-bottom: 51px !important;}\u00bb][stm_car_class_grid posts_per_page=\u00bb6&#8243; css=\u00bb.vc_custom_1512177958695{background-image: url(http:\/\/roadn1.com\/wp-content\/uploads\/2017\/12\/cars_bg.jpg?id=513) !important;}\u00bb][\/vc_column][\/vc_row][vc_row full_width=\u00bbstretch_row\u00bb equal_height=\u00bbyes\u00bb css=\u00bb.vc_custom_1483769770083{background-color: #012B44!important;}\u00bb][vc_column width=\u00bb1\/2&#8243; css=\u00bb.vc_custom_1484197311087{padding-top: 51px !important;padding-bottom: 77px !important;}\u00bb][vc_custom_heading text=\u00bbAcerca de nosotros\u00bb font_container=\u00bbtag:h3|font_size:30px|text_align:left|color:%23ffffff|line_height:30px\u00bb use_theme_fonts=\u00bbyes\u00bb css=\u00bb.vc_custom_1513464185699{margin-bottom: 38px !important;}\u00bb][vc_column_text css=\u00bb.vc_custom_1518748155834{margin-bottom: 31px !important;}\u00bb]<span style=\"color: #ffffff; font-size: 14px; line-height: 24px; letter-spacing: 0.5px;\"><a style=\"color: #f0c540;\" title=\"Alquila Coches Tanger\" href=\"https:\/\/roadn1.com\/es\/\">Road N1<\/a> es una plataforma de alquiler de autom\u00f3viles con sede en T\u00e1nger que ofrece servicios de alquiler a corto y largo plazo para particulares y empresas.<\/span><\/p>\n<p><span style=\"color: #ffffff; font-size: 14px; line-height: 24px; letter-spacing: 0.5px;\">Nuestro lema: la mejor experiencia del cliente, transparencia, calidad de servicio y innovaci\u00f3n permanente para servirle mejor.<\/span>[\/vc_column_text][stm_icon_button icon=\u00bbfa fa-arrow-right\u00bb box_bg_color=\u00bb#FFC90F\u00bb box_text_color=\u00bb#012B44&#8243; link=\u00bburl:http%3A%2F%2Froadn1.com%2Fes%2Fabout-us%2F|title:Nuestra%20Empresa||\u00bb][\/vc_column][vc_column width=\u00bb1\/2&#8243; css=\u00bb.vc_custom_1519322558870{background-image: url(http:\/\/roadn1.com\/wp-content\/uploads\/2018\/02\/img5.jpg?id=1233) !important;}\u00bb el_class=\u00bbstm-stretch-image-right\u00bb][\/vc_column][\/vc_row][vc_row full_width=\u00bbstretch_row\u00bb css=\u00bb.vc_custom_1483773620589{background-color: #FFC90F!important;}\u00bb][vc_column][stm_call_to_action_2 cta_icon=\u00bbfa fa-envelope-o\u00bb call_to_action_icon_right=\u00bbstm-icon-phone2&#8243; call_to_action_color=\u00bb#FFC90F\u00bb call_to_action_text_color=\u00bb#012B44&#8243; call_to_action_label_right=\u00bb+212 6 62 07 93 48&#8243; css=\u00bb.vc_custom_1518748205509{padding-right: 0px !important;padding-left: 0px !important;}\u00bb link=\u00bburl:http%3A%2F%2Froadn1.com%2Fes%2Fcontact-us%2F|title:Feedback||\u00bb call_to_action_label=\u00bb \u00bb call_to_action_label_2=\u00bb\u00bfALGUNAS PREGUNTAS? \u00ab][\/vc_column][\/vc_row][vc_row full_width=\u00bbstretch_row_content_no_spaces\u00bb][vc_column][stm_offices_map map_height=\u00bb548&#8243; pin=\u00bb1275&#8243;][\/vc_column][\/vc_row]<\/p>\n","protected":false},"excerpt":{"rendered":"<p>Agencia Road N1 &#8211; Alquiler desde 19\u20ac! &#8211; Reservar ahora [vc_row full_width=\u00bbstretch_row\u00bb css_animation=\u00bbflipInY\u00bb css=\u00bb.vc_custom_1516557504129{margin-bottom: 30px !important;padding-top: 36px !important;background: #e5e5e5 url(http:\/\/roadn1.com\/wp-content\/uploads\/2018\/01\/banner-3-2.jpg?id=900) !important;}\u00bb el_class=\u00bbstm-background-centered\u00bb][vc_column width=\u00bb1\/2&#8243;][stm_text_baloon] \u00a0Alquila Coches Tanger desde 19\u20ac! \u00a0Kilometraje ilimitado! \u00a0Conductor adicional gratis! [\/stm_text_baloon][\/vc_column][vc_column width=\u00bb1\/2&#8243;][stm_rent_car_form][\/vc_column][\/vc_row][vc_row css=\u00bb.vc_custom_1484196732635{margin-bottom: 47px !important;}\u00bb][vc_column][vc_custom_heading text=\u00bb\u00bfPor qu\u00e9 eligerias Road N1?\u00bb font_container=\u00bbtag:h2|font_size:30px|text_align:center|color:%23273f44|line_height:50px\u00bb use_theme_fonts=\u00bbyes\u00bb css=\u00bb.vc_custom_1484196241978{margin-bottom: 53px !important;}\u00bb][vc_row_inner][vc_column_inner width=\u00bb1\/3&#8243;][stm_icon_box title_holder=\u00bbh4&#8243; icon=\u00bbstm-rental-medal_rent\u00bb title=\u00bbUna empresa digital\u00bb icon_bg_color=\u00bb#FFC90F\u00bb&#8230;<\/p>\n","protected":false},"author":1,"featured_media":0,"parent":0,"menu_order":0,"comment_status":"closed","ping_status":"closed","template":"","meta":{"footnotes":""},"_links":{"self":[{"href":"https:\/\/roadn1.com\/es\/wp-json\/wp\/v2\/pages\/736"}],"collection":[{"href":"https:\/\/roadn1.com\/es\/wp-json\/wp\/v2\/pages"}],"about":[{"href":"https:\/\/roadn1.com\/es\/wp-json\/wp\/v2\/types\/page"}],"author":[{"embeddable":true,"href":"https:\/\/roadn1.com\/es\/wp-json\/wp\/v2\/users\/1"}],"replies":[{"embeddable":true,"href":"https:\/\/roadn1.com\/es\/wp-json\/wp\/v2\/comments?post=736"}],"version-history":[{"count":80,"href":"https:\/\/roadn1.com\/es\/wp-json\/wp\/v2\/pages\/736\/revisions"}],"predecessor-version":[{"id":1885,"href":"https:\/\/roadn1.com\/es\/wp-json\/wp\/v2\/pages\/736\/revisions\/1885"}],"wp:attachment":[{"href":"https:\/\/roadn1.com\/es\/wp-json\/wp\/v2\/media?parent=736"}],"curies":[{"name":"wp","href":"https:\/\/api.w.org\/{rel}","templated":true}]}}