{"id":1777,"date":"2018-12-09T13:30:19","date_gmt":"2018-12-09T13:30:19","guid":{"rendered":"https:\/\/roadn1.com\/?page_id=1777"},"modified":"2018-12-11T20:58:29","modified_gmt":"2018-12-11T20:58:29","slug":"alquiler-coches-tanger","status":"publish","type":"page","link":"https:\/\/roadn1.com\/es\/alquiler-coches-tanger\/","title":{"rendered":"Alquiler Coches Tanger"},"content":{"rendered":"<p>[vc_row css=\u00bb.vc_custom_1485428309292{text-align: center}\u00bb][vc_column width=\u00bb1&#8243; el_class=\u00bbstm-col-pad-left\u00bb][vc_column_text]<\/p>\n<h2>Alquiler de coches en Tanger<\/h2>\n<p>[\/vc_column_text][\/vc_column][\/vc_row]<\/p>\n<p>[vc_row full_width=\u00bbstretch_row\u00bb css_animation=\u00bbflipInY\u00bb css=\u00bb.vc_custom_1516557504129{margin-bottom: 30px !important;padding-top: 36px !important;background: #e5e5e5 url(https:\/\/roadn1.com\/wp-content\/uploads\/2018\/12\/banner-3-2-min.jpg?id=900) !important;}\u00bb el_class=\u00bbstm-background-centered\u00bb][vc_column width=\u00bb1\/2&#8243;][stm_text_baloon]<\/p>\n<h4><span style=\"color: #B5002D;\"><i class=\"stm-rental-medal_rent\"><\/i><\/span>&nbsp;Alquiler Coches Tanger desde 19\u20ac!<\/h4>\n<h3><\/h3>\n<h4><span style=\"color: #B5002D;\"><i class=\"stm-rental-medal_rent\"><\/i><\/span>&nbsp;Kilometraje ilimitado!<\/h4>\n<h3><\/h3>\n<h4><span style=\"color: #B5002D;\"><i class=\"stm-rental-medal_rent\"><\/i><\/span>&nbsp;Conductor adicional gratis!<\/h4>\n<p>[\/stm_text_baloon][\/vc_column][vc_column width=\u00bb1\/2&#8243;][stm_rent_car_form][\/vc_column][\/vc_row]<\/p>\n<p>[vc_row css=\u00bb.vc_custom_1484196732635{margin-bottom: 47px !important;}\u00bb][vc_column][vc_custom_heading text=\u00bb\u00bfPor qu\u00e9 eligerias Road N1?\u00bb font_container=\u00bbtag:h2|font_size:30px|text_align:center|color:%23012b44|line_height:50px\u00bb use_theme_fonts=\u00bbyes\u00bb css=\u00bb.vc_custom_1484196241978{margin-bottom: 53px !important;}\u00bb][vc_row_inner][vc_column_inner width=\u00bb1\/3&#8243;][stm_icon_box title_holder=\u00bbh4&#8243; icon=\u00bbstm-rental-medal_rent\u00bb title=\u00bbUna empresa digital\u00bb icon_bg_color=\u00bb#ffc90f\u00bb icon_color=\u00bb#ffffff\u00bb box_bg_color=\u00bb#ffffff\u00bb css=\u00bb.vc_custom_1513472443790{padding-top: 0px !important;padding-right: 0px !important;padding-bottom: 0px !important;padding-left: 0px !important;}\u00bb icon_size=\u00bb31&#8243; box_text_color=\u00bb#888888&#8243; box_text_color_hover=\u00bb#6e6e6e\u00bb line_height=\u00bb20&#8243;]<\/p>\n<p style=\"line-height: 20px;\">Detr\u00e1s de Road N1 trabaja un equipo joven y din\u00e1mico, que con su sed de innovaci\u00f3n, busca revolucionar el sector de alquiler de coches a trav\u00e9s del Digital.<\/p>\n<p>[\/stm_icon_box][stm_icon_box title_holder=\u00bbh4&#8243; icon=\u00bbstm-icon-car\u00bb title=\u00bbUna amplia variedad de veh\u00edculos\u00bb icon_bg_color=\u00bb#ffc90f\u00bb icon_color=\u00bb#ffffff\u00bb box_bg_color=\u00bb#ffffff\u00bb css=\u00bb.vc_custom_1513472496575{padding-top: 0px !important;padding-right: 0px !important;padding-bottom: 0px !important;padding-left: 0px !important;}\u00bb icon_size=\u00bb31&#8243; box_text_color=\u00bb#888888&#8243; box_text_color_hover=\u00bb#6e6e6e\u00bb line_height=\u00bb20&#8243;]<\/p>\n<p style=\"line-height: 20px;\">Road N1 ofrece una amplia variedad de veh\u00edculos. Varias categor\u00edas est\u00e1n disponibles y cumplen con todas sus exigencias.<\/p>\n<p>[\/stm_icon_box][\/vc_column_inner][vc_column_inner width=\u00bb1\/3&#8243;][stm_icon_box title_holder=\u00bbh4&#8243; icon=\u00bbstm-service-icon-cash_dollar\u00bb title=\u00bbTarifas claras y transparentes\u00bb icon_bg_color=\u00bb#ffc90f\u00bb icon_color=\u00bb#ffffff\u00bb box_bg_color=\u00bb#ffffff\u00bb css=\u00bb.vc_custom_1513472535159{padding-top: 0px !important;padding-right: 0px !important;padding-bottom: 0px !important;padding-left: 0px !important;}\u00bb icon_size=\u00bb31&#8243; box_text_color=\u00bb#888888&#8243; box_text_color_hover=\u00bb#6e6e6e\u00bb line_height=\u00bb20&#8243;]<\/p>\n<p style=\"line-height: 20px;\">A trav\u00e9s de los distintos canales de venta, Road N1 garantiza la transparencia de las tarifas de sus diferentes productos. Este es un elemento crucial en nuestra politica de maximizar la satisfacci\u00f3n del cliente.<\/p>\n<p>[\/stm_icon_box][stm_icon_box title_holder=\u00bbh4&#8243; icon=\u00bbstm-service-icon-inventory\u00bb title=\u00bbServicios ineditos incluidos\u00bb icon_bg_color=\u00bb#ffc90f\u00bb icon_color=\u00bb#ffffff\u00bb box_bg_color=\u00bb#ffffff\u00bb css=\u00bb.vc_custom_1513472585421{padding-top: 0px !important;padding-right: 0px !important;padding-bottom: 0px !important;padding-left: 0px !important;}\u00bb icon_size=\u00bb31&#8243; box_text_color=\u00bb#888888&#8243; box_text_color_hover=\u00bb#6e6e6e\u00bb line_height=\u00bb20&#8243;]<\/p>\n<p style=\"line-height: 20px;\">Con Road N1, tiene el conductor adicional gratuito, el kilometraje ilimitado y la entrega \/ recogida del autom\u00f3vil en cualquier punto de la regi\u00f3n de T\u00e1nger.<\/p>\n<p>[\/stm_icon_box][\/vc_column_inner][vc_column_inner width=\u00bb1\/3&#8243;][stm_icon_box title_holder=\u00bbh4&#8243; icon=\u00bbstm-service-icon-like_it\u00bb title=\u00bbUn servicio de calidad\u00bb icon_bg_color=\u00bb#ffc90f\u00bb icon_color=\u00bb#ffffff\u00bb box_bg_color=\u00bb#ffffff\u00bb css=\u00bb.vc_custom_1513472625790{padding-top: 0px !important;padding-right: 0px !important;padding-bottom: 0px !important;padding-left: 0px !important;}\u00bb icon_size=\u00bb31&#8243; box_text_color=\u00bb#888888&#8243; box_text_color_hover=\u00bb#6e6e6e\u00bb line_height=\u00bb20&#8243;]<\/p>\n<p style=\"line-height: 20px;\">Road N1 garantiza un servicio de calidad excepcional. El lema de Road N1 es servirle y satisfacer sus peticiones. Road N1 est\u00e1 siempre a su disposici\u00f3n.<\/p>\n<p>[\/stm_icon_box][stm_icon_box title_holder=\u00bbh4&#8243; icon=\u00bbstm-rental-support_rent\u00bb title=\u00bbUna asistencia 7\/7&#8243; icon_bg_color=\u00bb#ffc90f\u00bb icon_color=\u00bb#ffffff\u00bb box_bg_color=\u00bb#ffffff\u00bb css=\u00bb.vc_custom_1513472661318{padding-top: 0px !important;padding-right: 0px !important;padding-bottom: 0px !important;padding-left: 0px !important;}\u00bb icon_size=\u00bb31&#8243; box_text_color=\u00bb#888888&#8243; box_text_color_hover=\u00bb#6e6e6e\u00bb line_height=\u00bb20&#8243;]<\/p>\n<p style=\"line-height: 20px;\">Road N1 ofrece asistencia todos los d\u00edas de la semana, incluidos fines de semana y d\u00edas festivos. Puede contactar con nosotros en cualquier momento del d\u00eda.<\/p>\n<p>[\/stm_icon_box][\/vc_column_inner][\/vc_row_inner][\/vc_column][\/vc_row]<\/p>\n<p>[vc_row full_width=\u00bbstretch_row\u00bb css=\u00bb.vc_custom_1483773620589{background-color: #ffc90f !important;}\u00bb][vc_column][stm_call_to_action_2 cta_icon=\u00bbfa fa-envelope-o\u00bb call_to_action_icon_right=\u00bbstm-icon-phone2&#8243; call_to_action_color=\u00bb#ffc90f\u00bb call_to_action_text_color=\u00bb#273f44&#8243; call_to_action_label_right=\u00bb+212 6 62 07 93 48&#8243; css=\u00bb.vc_custom_1513473613512{padding-right: 0px !important;padding-left: 0px !important;}\u00bb link=\u00bburl:http%3A%2F%2Fmotorswp.stm%2Fcar-rental-service%2Fcontact-us%2F|title:Feedback||\u00bb call_to_action_label=\u00bb \u00bb call_to_action_label_2=\u00bb\u00bfALGUNAS PREGUNTAS? \u00ab][\/vc_column][\/vc_row]<\/p>\n<p>[vc_row css=\u00bb.vc_custom_1485257114744{margin-top: 60px !important;margin-bottom: 42px !important;}\u00bb][vc_column css=\u00bb.vc_custom_1485348846772{margin-bottom: 42px !important;}\u00bb offset=\u00bbvc_col-lg-8&#8243;][vc_column_text css=\u00bb.vc_custom_1513471437779{margin-bottom: 24px !important;}\u00bb]<\/p>\n<h2><span style=\"color: #012b44;\">CENTRO DE ASISTENCIA<\/span> <span style=\"color: #ffc90f;\"><a href=\"https:\/\/roadn1.com\/es\/\" title=\"Alquiler Coches Tanger\" style=\"color: #ffc90f\" >Road N1<\/a><\/span><\/h2>\n<p>[\/vc_column_text][vc_column_text css=\u00bb.vc_custom_1513471464113{margin-bottom: 31px !important;padding-left: 2px !important;}\u00bb]Bienvenido al centro de asistencia de Road N1<\/p>\n<p>\u00bfEst\u00e1s listo para vivir una experiencia \u00fanica alquilando tu veh\u00edculo con Road N1?<\/p>\n<p>Bienvenido al universo Road N1![\/vc_column_text][vc_custom_heading text=\u00bbNUESTROS SERVICIOS DISPONIBLES\u00bb font_container=\u00bbtag:h4|text_align:left\u00bb use_theme_fonts=\u00bbyes\u00bb css=\u00bb.vc_custom_1446703859040{margin-bottom: 20px !important;color: #012b44;}\u00bb][vc_row_inner css=\u00bb.vc_custom_1446703897866{margin-bottom: 30px !important;}\u00bb][vc_column_inner width=\u00bb1\/2&#8243;][vc_column_text]<\/p>\n<ul class=\"list-style-1\">\n<li>Coche entregado de forma gratuita en toda la regi\u00f3n de T\u00e1nger<\/li>\n<li>Veh\u00edculo de recambio en caso de aver\u00eda<\/li>\n<li>Soporte, servicio posventa, asistencia accesible 7 d\u00edas \/ 7<\/li>\n<li>Alquiler a largo plazo con precio preferencial<\/li>\n<\/ul>\n<p>[\/vc_column_text][\/vc_column_inner][vc_column_inner width=\u00bb1\/2&#8243;][vc_column_text]<\/p>\n<ul class=\"list-style-1\">\n<li>Repatriaci\u00f3n del veh\u00edculo en todas partes en Marruecos<\/li>\n<li>Devuelva su tanque como lo desee<\/li>\n<li>Nuevos accesorios para mejorar tu experiencia<\/li>\n<\/ul>\n<p>[\/vc_column_text][\/vc_column_inner][\/vc_row_inner][vc_column_text css=\u00bb.vc_custom_1513471586811{padding-left: 2px !important;}\u00bb][\/vc_column_text][\/vc_column][vc_column width=\u00bb1\/3&#8243; css=\u00bb.vc_custom_1485348823744{margin-top: 13px !important;}\u00bb offset=\u00bbvc_hidden-md vc_hidden-sm vc_hidden-xs\u00bb][vc_single_image image=\u00bb547&#8243; img_size=\u00bb350&#215;205&#8243; stm_fancybox=\u00bbyes\u00bb css=\u00bb.vc_custom_1512180371227{margin-bottom: 25px !important;}\u00bb][vc_single_image image=\u00bb1299&#8243; img_size=\u00bb350&#215;205&#8243; stm_fancybox=\u00bbyes\u00bb][\/vc_column][\/vc_row]<\/p>\n","protected":false},"excerpt":{"rendered":"<p>[vc_row css=\u00bb.vc_custom_1485428309292{text-align: center}\u00bb][vc_column width=\u00bb1&#8243; el_class=\u00bbstm-col-pad-left\u00bb][vc_column_text] Alquiler de coches en Tanger [\/vc_column_text][\/vc_column][\/vc_row] [vc_row full_width=\u00bbstretch_row\u00bb css_animation=\u00bbflipInY\u00bb css=\u00bb.vc_custom_1516557504129{margin-bottom: 30px !important;padding-top: 36px !important;background: #e5e5e5 url(https:\/\/roadn1.com\/wp-content\/uploads\/2018\/12\/banner-3-2-min.jpg?id=900) !important;}\u00bb el_class=\u00bbstm-background-centered\u00bb][vc_column width=\u00bb1\/2&#8243;][stm_text_baloon] &nbsp;Alquiler Coches Tanger desde 19\u20ac! &nbsp;Kilometraje ilimitado! &nbsp;Conductor adicional gratis! [\/stm_text_baloon][\/vc_column][vc_column width=\u00bb1\/2&#8243;][stm_rent_car_form][\/vc_column][\/vc_row] [vc_row css=\u00bb.vc_custom_1484196732635{margin-bottom: 47px !important;}\u00bb][vc_column][vc_custom_heading text=\u00bb\u00bfPor qu\u00e9 eligerias Road N1?\u00bb font_container=\u00bbtag:h2|font_size:30px|text_align:center|color:%23012b44|line_height:50px\u00bb use_theme_fonts=\u00bbyes\u00bb css=\u00bb.vc_custom_1484196241978{margin-bottom: 53px !important;}\u00bb][vc_row_inner][vc_column_inner width=\u00bb1\/3&#8243;][stm_icon_box title_holder=\u00bbh4&#8243; icon=\u00bbstm-rental-medal_rent\u00bb title=\u00bbUna empresa&#8230;<\/p>\n","protected":false},"author":1,"featured_media":0,"parent":0,"menu_order":0,"comment_status":"closed","ping_status":"closed","template":"","meta":{"footnotes":""},"_links":{"self":[{"href":"https:\/\/roadn1.com\/es\/wp-json\/wp\/v2\/pages\/1777"}],"collection":[{"href":"https:\/\/roadn1.com\/es\/wp-json\/wp\/v2\/pages"}],"about":[{"href":"https:\/\/roadn1.com\/es\/wp-json\/wp\/v2\/types\/page"}],"author":[{"embeddable":true,"href":"https:\/\/roadn1.com\/es\/wp-json\/wp\/v2\/users\/1"}],"replies":[{"embeddable":true,"href":"https:\/\/roadn1.com\/es\/wp-json\/wp\/v2\/comments?post=1777"}],"version-history":[{"count":15,"href":"https:\/\/roadn1.com\/es\/wp-json\/wp\/v2\/pages\/1777\/revisions"}],"predecessor-version":[{"id":1861,"href":"https:\/\/roadn1.com\/es\/wp-json\/wp\/v2\/pages\/1777\/revisions\/1861"}],"wp:attachment":[{"href":"https:\/\/roadn1.com\/es\/wp-json\/wp\/v2\/media?parent=1777"}],"curies":[{"name":"wp","href":"https:\/\/api.w.org\/{rel}","templated":true}]}}